{"id":42481,"date":"2026-04-30T14:05:48","date_gmt":"2026-04-30T12:05:48","guid":{"rendered":"https:\/\/leoboeck.com\/producto\/vienesa-tomaquet\/"},"modified":"2026-04-30T14:05:48","modified_gmt":"2026-04-30T12:05:48","slug":"vienesa-tomaquet","status":"publish","type":"product","link":"https:\/\/leoboeck.com\/ca\/producto\/vienesa-tomaquet\/","title":{"rendered":"Vienesa &#038;<br>Tom\u00e0quet"},"content":{"rendered":"<p>El cl\u00e0ssic que mai falla, ara en format pack. 4 salsitxes cuites i fumades amb fusta de faig, acompanyades de 2 sobres de la nostra salsa fresca de tom\u00e0quet. Feta amb carn 100% de porc, embotida en tripa natural i llesta per a escaldar o cuinar a la graella. Afegeix la salsa despr\u00e9s i gaudeix de l&#8217;aut\u00e8ntic sabor Leo Boeck sense esfor\u00e7.<!-- notionvc: 96d8e1bd-f813-4ec6-b888-88ac82437686 --><\/p>\n","protected":false},"excerpt":{"rendered":"<h4>Vienesa &amp; Tom\u00e0quet<\/h4>\n<ul>\n<li>Carn 100% de porc.<\/li>\n<li>Tripa natural de porc.<\/li>\n<li>Amb deliciosa salsa fresca de tom\u00e0quet.<\/li>\n<li>Sense glutamat, sense espesants i\u00a0sense gluten.<\/li>\n<li>Paquet al buit de 4 unitats i 2 sobres de salsa. Pes Net: 240gr + 30ml.<\/li>\n<\/ul>\n","protected":false},"featured_media":42478,"comment_status":"closed","ping_status":"closed","template":"","meta":{"_acf_changed":false,"wds_primary_product_brand":0,"wds_primary_product_cat":0},"product_brand":[],"product_cat":[238],"product_tag":[],"class_list":{"0":"post-42481","1":"product","2":"type-product","3":"status-publish","4":"has-post-thumbnail","6":"product_cat-cocidos-ca","8":"first","9":"instock","10":"taxable","11":"shipping-taxable","12":"purchasable","13":"product-type-simple"},"acf":[],"_links":{"self":[{"href":"https:\/\/leoboeck.com\/ca\/wp-json\/wp\/v2\/product\/42481","targetHints":{"allow":["GET"]}}],"collection":[{"href":"https:\/\/leoboeck.com\/ca\/wp-json\/wp\/v2\/product"}],"about":[{"href":"https:\/\/leoboeck.com\/ca\/wp-json\/wp\/v2\/types\/product"}],"replies":[{"embeddable":true,"href":"https:\/\/leoboeck.com\/ca\/wp-json\/wp\/v2\/comments?post=42481"}],"wp:featuredmedia":[{"embeddable":true,"href":"https:\/\/leoboeck.com\/ca\/wp-json\/wp\/v2\/media\/42478"}],"wp:attachment":[{"href":"https:\/\/leoboeck.com\/ca\/wp-json\/wp\/v2\/media?parent=42481"}],"wp:term":[{"taxonomy":"product_brand","embeddable":true,"href":"https:\/\/leoboeck.com\/ca\/wp-json\/wp\/v2\/product_brand?post=42481"},{"taxonomy":"product_cat","embeddable":true,"href":"https:\/\/leoboeck.com\/ca\/wp-json\/wp\/v2\/product_cat?post=42481"},{"taxonomy":"product_tag","embeddable":true,"href":"https:\/\/leoboeck.com\/ca\/wp-json\/wp\/v2\/product_tag?post=42481"}],"curies":[{"name":"wp","href":"https:\/\/api.w.org\/{rel}","templated":true}]}}