{"id":42482,"date":"2026-04-30T14:05:38","date_gmt":"2026-04-30T12:05:38","guid":{"rendered":"https:\/\/leoboeck.com\/producto\/curry-wurst\/"},"modified":"2026-04-30T14:05:38","modified_gmt":"2026-04-30T12:05:38","slug":"curry-wurst","status":"publish","type":"product","link":"https:\/\/leoboeck.com\/ca\/producto\/curry-wurst\/","title":{"rendered":"Curry &#038;<br>Wurst"},"content":{"rendered":"<p>Per als que busquen una cosa diferent. Salsitxes cuites y fumades que es troben amb 2 sobres de la nostra salsa fresca de tom\u00e0quet i curry. El mateix proc\u00e9s artesanal, la mateixa qualitat de sempre, per\u00f2 amb aqiest toc especiat que eleva cada mossegada. Cuina, afegeix la salsa i deixa&#8217;t sorprendre.<!-- notionvc: 7fad723a-c97f-4f43-aed0-d33fba8448cb --><\/p>\n","protected":false},"excerpt":{"rendered":"<h4>Curry &amp; Wurst<\/h4>\n<ul>\n<li>Carn 100% de porc.<\/li>\n<li>Tripa natural de porc.<\/li>\n<li>Amb deliciosa salsa de tom\u00e0quet amb curry.<\/li>\n<li>Sense glutamat, sense espesants i sense gluten.<\/li>\n<li>Paquet al buit de 14 unitats i 2 sobres de salsa. Pes Net: 185gr + 30ml.<\/li>\n<\/ul>\n","protected":false},"featured_media":42476,"comment_status":"closed","ping_status":"closed","template":"","meta":{"_acf_changed":false,"wds_primary_product_brand":0,"wds_primary_product_cat":0},"product_brand":[],"product_cat":[238],"product_tag":[],"class_list":{"0":"post-42482","1":"product","2":"type-product","3":"status-publish","4":"has-post-thumbnail","6":"product_cat-cocidos-ca","8":"first","9":"instock","10":"taxable","11":"shipping-taxable","12":"purchasable","13":"product-type-simple"},"acf":[],"_links":{"self":[{"href":"https:\/\/leoboeck.com\/ca\/wp-json\/wp\/v2\/product\/42482","targetHints":{"allow":["GET"]}}],"collection":[{"href":"https:\/\/leoboeck.com\/ca\/wp-json\/wp\/v2\/product"}],"about":[{"href":"https:\/\/leoboeck.com\/ca\/wp-json\/wp\/v2\/types\/product"}],"replies":[{"embeddable":true,"href":"https:\/\/leoboeck.com\/ca\/wp-json\/wp\/v2\/comments?post=42482"}],"wp:featuredmedia":[{"embeddable":true,"href":"https:\/\/leoboeck.com\/ca\/wp-json\/wp\/v2\/media\/42476"}],"wp:attachment":[{"href":"https:\/\/leoboeck.com\/ca\/wp-json\/wp\/v2\/media?parent=42482"}],"wp:term":[{"taxonomy":"product_brand","embeddable":true,"href":"https:\/\/leoboeck.com\/ca\/wp-json\/wp\/v2\/product_brand?post=42482"},{"taxonomy":"product_cat","embeddable":true,"href":"https:\/\/leoboeck.com\/ca\/wp-json\/wp\/v2\/product_cat?post=42482"},{"taxonomy":"product_tag","embeddable":true,"href":"https:\/\/leoboeck.com\/ca\/wp-json\/wp\/v2\/product_tag?post=42482"}],"curies":[{"name":"wp","href":"https:\/\/api.w.org\/{rel}","templated":true}]}}